{"id":24,"date":"2021-03-18T09:44:24","date_gmt":"2021-03-18T08:44:24","guid":{"rendered":"https:\/\/www.cos.cz\/?page_id=24"},"modified":"2024-10-23T22:28:33","modified_gmt":"2024-10-23T20:28:33","slug":"o-nas","status":"publish","type":"page","link":"https:\/\/www.cos.cz\/index.php\/o-nas\/","title":{"rendered":"O n\u00e1s"},"content":{"rendered":"\n<div class=\"wp-block-media-text alignwide has-media-on-the-right is-stacked-on-mobile\" style=\"grid-template-columns:auto 15%\"><div class=\"wp-block-media-text__content\">\n<div class=\"wp-block-group\"><div class=\"wp-block-group__inner-container is-layout-constrained wp-block-group-is-layout-constrained\"><div class=\"wp-block-image\">\n<figure class=\"alignright size-large is-resized\"><img loading=\"lazy\" decoding=\"async\" width=\"768\" height=\"1024\" src=\"http:\/\/www.cos.cz\/wp-content\/uploads\/2021\/03\/Pocernicka_Ceska_namorni_plavba_budova_a_kotva-scaled-1-768x1024.jpg\" alt=\"\" class=\"wp-image-393\" style=\"width:267px;height:auto\" srcset=\"https:\/\/www.cos.cz\/wp-content\/uploads\/2021\/03\/Pocernicka_Ceska_namorni_plavba_budova_a_kotva-scaled-1-768x1024.jpg 768w, https:\/\/www.cos.cz\/wp-content\/uploads\/2021\/03\/Pocernicka_Ceska_namorni_plavba_budova_a_kotva-scaled-1-225x300.jpg 225w, https:\/\/www.cos.cz\/wp-content\/uploads\/2021\/03\/Pocernicka_Ceska_namorni_plavba_budova_a_kotva-scaled-1-1152x1536.jpg 1152w, https:\/\/www.cos.cz\/wp-content\/uploads\/2021\/03\/Pocernicka_Ceska_namorni_plavba_budova_a_kotva-scaled-1-1536x2048.jpg 1536w, https:\/\/www.cos.cz\/wp-content\/uploads\/2021\/03\/Pocernicka_Ceska_namorni_plavba_budova_a_kotva-scaled-1.jpg 1920w\" sizes=\"auto, (max-width: 768px) 100vw, 768px\" \/><\/figure><\/div>\n\n\n<h2 class=\"wp-block-heading\"><strong>\u010cESK\u00c1 N\u00c1MO\u0158N\u00cd PLAVBA a.s.<\/strong><\/h2>\n\n\n\n<h2 class=\"wp-block-heading\"><br>(Czech Ocean Shipping, Joint-Stock Co.)<\/h2>\n\n\n\n<p>Po\u010dernick\u00e1 272\/96<br>108 00&nbsp; PRAHA 10 &#8211; Male\u0161ice<\/p>\n\n\n\n<p>Zapsan\u00e1 v OR M\u011bS Praha odd\u00edl B XXXVI, vlo\u017eka 39 dne 1.4.1959<\/p>\n\n\n\n<p>I\u010c:&nbsp;00001082<\/p>\n<\/div><\/div>\n\n\n\n<p>e-mail:&nbsp;<a href=\"mailto:info@cos.cz\">info@cos.cz<\/a><br>tel.: 267 207 111<\/p>\n\n\n\n<hr class=\"wp-block-separator has-css-opacity\"\/>\n\n\n\n<h2 class=\"wp-block-heading\">P\u0159edm\u011bt podnik\u00e1n\u00ed \u010cNP a.s.<\/h2>\n\n\n\n<ul class=\"wp-block-list\">\n<li>provozov\u00e1n\u00ed n\u00e1mo\u0159n\u00ed plavby, jako\u017e i ve\u0161ker\u00e9 \u010dinnosti s touto \u010dinnost\u00ed souvisej\u00edc\u00ed<\/li>\n\n\n\n<li>n\u00e1kup, prodej, n\u00e1jem a pron\u00e1jem vlastn\u00edch i ciz\u00edch n\u00e1mo\u0159n\u00edch lod\u00ed s p\u0159\u00edslu\u0161enstv\u00edm<\/li>\n\n\n\n<li>poradensk\u00e1 \u010dinnost v oblasti p\u0159epravy zbo\u017e\u00ed pomoc\u00ed n\u00e1mo\u0159n\u00ed dopravy<\/li>\n\n\n\n<li>zprost\u0159edkovatelsk\u00e1 \u010dinnost v oblasti obchodu a slu\u017eeb<\/li>\n\n\n\n<li>koup\u011b zbo\u017e\u00ed za \u00fa\u010delem jej\u00edho dal\u0161\u00edho prodeje a prodej<\/li>\n\n\n\n<li>pron\u00e1jem vlastn\u00edch nemovitost\u00ed bez poskytov\u00e1n\u00ed jin\u00fdch ne\u017e z\u00e1kladn\u00edch slu\u017eeb spojen\u00fdch s pron\u00e1jmem<\/li>\n\n\n\n<li>realitn\u00ed \u010dinnost<\/li>\n\n\n\n<li>spr\u00e1va a \u00fadr\u017eba nemovitost\u00ed<\/li>\n<\/ul>\n<\/div><figure class=\"wp-block-media-text__media\"><img decoding=\"async\" src=\"https:\/\/www.cos.cz\/wp-content\/uploads\/2021\/03\/Pocernicka_Ceska_namorni_plavba_budova_a_kotva-768x1024.jpg\" alt=\"\" class=\"wp-image-393 size-full\"\/><\/figure><\/div>\n\n\n\n<p><\/p>\n","protected":false},"excerpt":{"rendered":"","protected":false},"author":2,"featured_media":0,"parent":0,"menu_order":0,"comment_status":"closed","ping_status":"closed","template":"","meta":{"neve_meta_sidebar":"","neve_meta_container":"default","neve_meta_enable_content_width":"off","neve_meta_content_width":100,"neve_meta_title_alignment":"","neve_meta_author_avatar":"","neve_post_elements_order":"","neve_meta_disable_header":"","neve_meta_disable_footer":"","neve_meta_disable_title":"","footnotes":""},"class_list":["post-24","page","type-page","status-publish","hentry"],"_links":{"self":[{"href":"https:\/\/www.cos.cz\/index.php\/wp-json\/wp\/v2\/pages\/24","targetHints":{"allow":["GET"]}}],"collection":[{"href":"https:\/\/www.cos.cz\/index.php\/wp-json\/wp\/v2\/pages"}],"about":[{"href":"https:\/\/www.cos.cz\/index.php\/wp-json\/wp\/v2\/types\/page"}],"author":[{"embeddable":true,"href":"https:\/\/www.cos.cz\/index.php\/wp-json\/wp\/v2\/users\/2"}],"replies":[{"embeddable":true,"href":"https:\/\/www.cos.cz\/index.php\/wp-json\/wp\/v2\/comments?post=24"}],"version-history":[{"count":1,"href":"https:\/\/www.cos.cz\/index.php\/wp-json\/wp\/v2\/pages\/24\/revisions"}],"predecessor-version":[{"id":665,"href":"https:\/\/www.cos.cz\/index.php\/wp-json\/wp\/v2\/pages\/24\/revisions\/665"}],"wp:attachment":[{"href":"https:\/\/www.cos.cz\/index.php\/wp-json\/wp\/v2\/media?parent=24"}],"curies":[{"name":"wp","href":"https:\/\/api.w.org\/{rel}","templated":true}]}}